{"id":1670,"date":"2024-09-06T10:09:59","date_gmt":"2024-09-06T10:09:59","guid":{"rendered":"https:\/\/fixee.ai\/?page_id=1670"},"modified":"2024-09-06T10:09:59","modified_gmt":"2024-09-06T10:09:59","slug":"mentions-legales","status":"publish","type":"page","link":"https:\/\/fixee.ai\/pl\/mentions-legales\/","title":{"rendered":"Mentions l\u00e9gales"},"content":{"rendered":"<div class=\"wpb-content-wrapper\"><p>[vc_row equal_height=&#8221;yes&#8221; content_placement=&#8221;middle&#8221;][vc_column offset=&#8221;vc_col-lg-offset-1 vc_col-lg-10 vc_col-md-offset-1 vc_col-md-10 vc_col-xs-12&#8243; css=&#8221;.vc_custom_1696260097836{padding-top: 5% !important;padding-bottom: 5% !important;}&#8221;]<p id=\"breadcrumbs\"><span><span><a href=\"https:\/\/fixee.ai\/pl\/\">Strona g\u0142\u00f3wna<\/a><\/span><\/span><\/p>[vc_column_text css_animation=&#8221;fadeInLeft&#8221;]<\/p>\n<h1><a>Mentions l\u00e9gales<\/a><\/h1>\n<h3><strong><i>Certifi\u00e9 conforme par <a href=\"https:\/\/dipeeo.com\/\">Dipeeo<\/a> \u00ae<\/i><\/strong><\/h3>\n<p>[\/vc_column_text][\/vc_column][\/vc_row][vc_row css=&#8221;.vc_custom_1696324168859{margin-top: 0px !important;padding-top: 0px !important;background-color: #ffffff !important;border-radius: 35px !important;}&#8221;][vc_column css=&#8221;.vc_custom_1696324172416{margin-top: 0px !important;}&#8221;][vc_row_inner css=&#8221;.vc_custom_1696324221221{padding-top: 4% !important;}&#8221;][vc_column_inner offset=&#8221;vc_col-lg-offset-1 vc_col-lg-10 vc_col-md-offset-1 vc_col-md-10 vc_col-sm-offset-0 vc_col-xs-12&#8243;][vc_column_text]<\/p>\n<h2>Informations l\u00e9gales<\/h2>\n<p>&nbsp;<\/p>\n<h3>1. Pr\u00e9sentation du site.<\/h3>\n<p>En vertu de l\u2019article 6 de la loi n\u00b0 2004-575 du 21 juin 2004 pour la confiance dans l\u2019\u00e9conomie num\u00e9rique, il est pr\u00e9cis\u00e9 aux utilisateurs du site\u00a0<a href=\"https:\/\/fixee.ai\/pl\/\">fixee.ai<\/a>\u00a0l\u2019identit\u00e9 des diff\u00e9rents intervenants dans le cadre de sa r\u00e9alisation et de son suivi :<\/p>\n<p><strong>Propri\u00e9taire<\/strong> : UBIKIO \u2013 SIRET N\u00b097852948500010 \u2013 33 Rue de Janicu, 69530 Brignais<br \/>\n<strong>Cr\u00e9ateur<\/strong>\u00a0:\u00a0<a href=\"https:\/\/www.comete.com\/\">Agence Com\u00e8te<\/a><br \/>\n<strong>Webmaster<\/strong>\u00a0: Agence Com\u00e8te<br \/>\n<strong>H\u00e9bergeur<\/strong> :AWS dont le si\u00e8ge est situ\u00e9 \u00e0 l&#8217;adresse Tour Carpe Diem, 31 Pl. des Corolles, 92400 Courbevoie.<br \/>\n<strong>Cr\u00e9dits :<\/strong> \u00a9Shutterstock<\/p>\n<p>Vous pouvez nous contacter \u00e0 tout moment \u00e0 l\u2019adresse <a href=\"mailto:contact@fixee.ai\">contact@fixee.ai<\/a>.<\/p>\n<p>&nbsp;<\/p>\n<h3>2. Conditions g\u00e9n\u00e9rales d\u2019utilisation du site et des services propos\u00e9s.<\/h3>\n<p>L\u2019utilisation du site<a href=\"https:\/\/fixee.ai\/pl\/\">\u00a0fixee.ai<\/a>\u00a0implique l\u2019acceptation pleine et enti\u00e8re des conditions g\u00e9n\u00e9rales d\u2019utilisation ci-apr\u00e8s d\u00e9crites. Ces conditions d\u2019utilisation sont susceptibles d\u2019\u00eatre modifi\u00e9es ou compl\u00e9t\u00e9es \u00e0 tout moment, les utilisateurs du site\u00a0<a href=\"https:\/\/fixee.ai\/pl\/\">fixee.ai<\/a>\u00a0sont donc invit\u00e9s \u00e0 les consulter de mani\u00e8re r\u00e9guli\u00e8re.<\/p>\n<p>Ce site est normalement accessible \u00e0 tout moment aux utilisateurs. Une interruption pour raison de maintenance technique peut \u00eatre toutefois d\u00e9cid\u00e9e par FIXEE, qui s\u2019efforcera alors de communiquer pr\u00e9alablement aux utilisateurs les dates et heures de l\u2019intervention.<\/p>\n<p>Le site\u00a0<a href=\"https:\/\/fixee.ai\/pl\/\">fixee.ai<\/a> est mis \u00e0 jour r\u00e9guli\u00e8rement. De la m\u00eame fa\u00e7on, les mentions l\u00e9gales peuvent \u00eatre modifi\u00e9es \u00e0 tout moment : elles s\u2019imposent n\u00e9anmoins \u00e0 l\u2019utilisateur qui est invit\u00e9 \u00e0 s\u2019y r\u00e9f\u00e9rer le plus souvent possible afin d\u2019en prendre connaissance.<\/p>\n<p>&nbsp;<\/p>\n<h3>3. Description des services fournis.<\/h3>\n<p>Le site\u00a0<a href=\"https:\/\/fixee.ai\/pl\/\">fixee.ai<\/a>\u00a0a pour objet de fournir une information concernant l\u2019ensemble des activit\u00e9s de la soci\u00e9t\u00e9.<\/p>\n<p>FIXEE s\u2019efforce de fournir sur le site <a href=\"https:\/\/fixee.ai\/pl\/\">fixee.ai<\/a>\u00a0des informations aussi pr\u00e9cises que possible. Toutefois, il ne pourra \u00eatre tenue responsable des omissions, des inexactitudes et des carences dans la mise \u00e0 jour, qu\u2019elles soient de son fait ou du fait des tiers partenaires qui lui fournissent ces informations.<\/p>\n<p>Tous les informations indiqu\u00e9es sur le site\u00a0<a href=\"https:\/\/fixee.ai\/pl\/\">fixee.ai<\/a>\u00a0sont donn\u00e9es \u00e0 titre indicatif, et sont susceptibles d\u2019\u00e9voluer. Par ailleurs, les renseignements figurant sur le site\u00a0<a href=\"https:\/\/fixee.ai\/pl\/\">fixee.ai<\/a>\u00a0ne sont pas exhaustifs. Ils sont donn\u00e9s sous r\u00e9serve de modifications ayant \u00e9t\u00e9 apport\u00e9es depuis leur mise en ligne.<\/p>\n<p>&nbsp;<\/p>\n<h3>4. Limitations contractuelles sur les donn\u00e9es techniques.<\/h3>\n<p>Le site utilise la technologie JavaScript.<\/p>\n<p>Le site Internet ne pourra \u00eatre tenu responsable de dommages mat\u00e9riels li\u00e9s \u00e0 l\u2019utilisation du site. De plus, l\u2019utilisateur du site s\u2019engage \u00e0 acc\u00e9der au site en utilisant un mat\u00e9riel r\u00e9cent, ne contenant pas de virus et avec un navigateur de derni\u00e8re g\u00e9n\u00e9ration mis-\u00e0-jour.<\/p>\n<p>&nbsp;<\/p>\n<h3>5. Propri\u00e9t\u00e9 intellectuelle et contrefa\u00e7ons.<\/h3>\n<p>FIXEE est propri\u00e9taire des droits de propri\u00e9t\u00e9 intellectuelle ou d\u00e9tient les droits d\u2019usage sur tous les \u00e9l\u00e9ments accessibles sur le site, notamment les textes, images, graphismes, logo, ic\u00f4nes, sons, logiciels.<\/p>\n<p>Toute reproduction, repr\u00e9sentation, modification, publication, adaptation de tout ou partie des \u00e9l\u00e9ments du site, quel que soit le moyen ou le proc\u00e9d\u00e9 utilis\u00e9, est interdite, sauf autorisation \u00e9crite pr\u00e9alable de : FIXEE.<\/p>\n<p>Toute exploitation non autoris\u00e9e du site ou de l\u2019un quelconque des \u00e9l\u00e9ments qu\u2019il contient sera consid\u00e9r\u00e9e comme constitutive d\u2019une contrefa\u00e7on et poursuivie conform\u00e9ment aux dispositions des articles L.335-2 et suivants du Code de Propri\u00e9t\u00e9 Intellectuelle.<\/p>\n<p>&nbsp;<\/p>\n<h3>6. Limitations de responsabilit\u00e9.<\/h3>\n<p>FIXEE ne pourra \u00eatre tenue responsable des dommages directs et indirects caus\u00e9s au mat\u00e9riel de l\u2019utilisateur, lors de l\u2019acc\u00e8s au site <a href=\"https:\/\/fixee.ai\/pl\/\">fixee.ai<\/a>\u00a0et r\u00e9sultant soit de l\u2019utilisation d\u2019un mat\u00e9riel ne r\u00e9pondant pas aux sp\u00e9cifications indiqu\u00e9es au point 4, soit de l\u2019apparition d\u2019un bug ou d\u2019une incompatibilit\u00e9.<\/p>\n<p>FIXEE ne pourra \u00e9galement \u00eatre tenue responsable des dommages indirects (tels par exemple qu\u2019une perte de march\u00e9 ou perte d\u2019une chance) cons\u00e9cutifs \u00e0 l\u2019utilisation du site <a href=\"https:\/\/fixee.ai\/pl\/\">fixee.ai<\/a>.<\/p>\n<p>Des espaces interactifs (possibilit\u00e9 de poser des questions dans l\u2019espace contact) sont \u00e0 la disposition des utilisateurs. FIXEE se r\u00e9serve le droit de supprimer, sans mise en demeure pr\u00e9alable, tout contenu d\u00e9pos\u00e9 dans cet espace qui contreviendrait \u00e0 la l\u00e9gislation applicable en France, en particulier aux dispositions relatives \u00e0 la protection des donn\u00e9es. Le cas \u00e9ch\u00e9ant, FIXEE se r\u00e9serve \u00e9galement la possibilit\u00e9 de mettre en cause la responsabilit\u00e9 civile et\/ou p\u00e9nale de l\u2019utilisateur, notamment en cas de message \u00e0 caract\u00e8re raciste, injurieux, diffamant, ou pornographique, quel que soit le support utilis\u00e9 (texte, photographie\u2026).<\/p>\n<p>&nbsp;<\/p>\n<h3>7. Gestion des donn\u00e9es personnelles.<\/h3>\n<p>Veuillez vous r\u00e9f\u00e9rer \u00e0 notre <a href=\"https:\/\/fixee.ai\/pl\/privacy-policy-main-landing-page\/\">Politique de Confidentialit\u00e9<\/a> annex\u00e9e aux pr\u00e9sentes.<\/p>\n<p>&nbsp;<\/p>\n<h3>8. Liens hypertextes et cookies.<\/h3>\n<p>Veuillez vous r\u00e9f\u00e9rer \u00e0 notre <a href=\"https:\/\/fixee.ai\/pl\/cookie-policy-landing-page\/\">Politique d&#8217;Utilisation des Cookies<\/a> annex\u00e9e aux pr\u00e9sentes.<\/p>\n<p>Le refus d\u2019installation d\u2019un cookie peut entra\u00eener l\u2019impossibilit\u00e9 d\u2019acc\u00e9der \u00e0 certains services. L\u2019utilisateur peut toutefois configurer son ordinateur de la mani\u00e8re suivante, pour refuser l\u2019installation des cookies :<\/p>\n<p>Sous Internet Explorer : onglet outil (pictogramme en forme de rouage en haut a droite) \/ options internet. Cliquez sur Confidentialit\u00e9 et choisissez Bloquer tous les cookies. Validez sur Ok.<\/p>\n<p>Sous Firefox : en haut de la fen\u00eatre du navigateur, cliquez sur le bouton Firefox, puis aller dans l\u2019onglet Options. Cliquer sur l\u2019onglet Vie priv\u00e9e.<br \/>\nParam\u00e9trez les R\u00e8gles de conservation sur : utiliser les param\u00e8tres personnalis\u00e9s pour l\u2019historique. Enfin d\u00e9cochez-la pour d\u00e9sactiver les cookies.<\/p>\n<p>Sous Safari : Cliquez en haut \u00e0 droite du navigateur sur le pictogramme de menu (symbolis\u00e9 par un rouage). S\u00e9lectionnez Param\u00e8tres. Cliquez sur Afficher les param\u00e8tres avanc\u00e9s. Dans la section \u00ab\u00a0Confidentialit\u00e9\u00a0\u00bb, cliquez sur Param\u00e8tres de contenu. Dans la section \u00ab\u00a0Cookies\u00a0\u00bb, vous pouvez bloquer les cookies.<\/p>\n<p>Sous Chrome : Cliquez en haut \u00e0 droite du navigateur sur le pictogramme de menu (symbolis\u00e9 par trois lignes horizontales). S\u00e9lectionnez Param\u00e8tres. Cliquez sur Afficher les param\u00e8tres avanc\u00e9s. Dans la section \u00ab\u00a0Confidentialit\u00e9\u00a0\u00bb, cliquez sur pr\u00e9f\u00e9rences. Dans l\u2019onglet \u00ab\u00a0Confidentialit\u00e9\u00a0\u00bb, vous pouvez bloquer les cookies.<\/p>\n<p>&nbsp;<\/p>\n<h3>9. Droit applicable et attribution de juridiction.<\/h3>\n<p>Tout litige en relation avec l\u2019utilisation du site\u00a0<a href=\"https:\/\/fixee.ai\/pl\/\">fixee.ai<\/a>\u00a0est soumis au droit fran\u00e7ais. Il est fait attribution exclusive de juridiction aux tribunaux comp\u00e9tents de Paris.<\/p>\n<p>&nbsp;<\/p>\n<h3>10. Les principales lois concern\u00e9es.<\/h3>\n<p>Loi n\u00b0 78-17 du 6 janvier 1978, notamment modifi\u00e9e par la loi n\u00b0 2004-801 du 6 ao\u00fbt 2004 relative \u00e0 l\u2019informatique, aux fichiers et aux libert\u00e9s.<\/p>\n<p>Loi n\u00b0 2004-575 du 21 juin 2004 pour la confiance dans l\u2019\u00e9conomie num\u00e9rique.<\/p>\n<p>&nbsp;<\/p>\n<h3>11. Lexique.<\/h3>\n<p>Utilisateur : Internaute se connectant, utilisant le site susnomm\u00e9.<\/p>\n<p>Informations personnelles : \u00ab les informations qui permettent, sous quelque forme que ce soit, directement ou non, l\u2019identification des personnes physiques auxquelles elles s\u2019appliquent \u00bb (article 4 de la loi n\u00b0 78-17 du 6 janvier 1978).<\/p>\n<p>&nbsp;<\/p>\n<h3><strong><i>Certifi\u00e9 conforme par <a href=\"https:\/\/dipeeo.com\/\">Dipeeo<\/a> \u00ae<\/i><\/strong><\/h3>\n<p>[\/vc_column_text][\/vc_column_inner][\/vc_row_inner][\/vc_column][\/vc_row]<\/p>\n<\/div>","protected":false},"excerpt":{"rendered":"<p>[vc_row equal_height=&#8221;yes&#8221; content_placement=&#8221;middle&#8221;][vc_column offset=&#8221;vc_col-lg-offset-1 vc_col-lg-10 vc_col-md-offset-1 vc_col-md-10 vc_col-xs-12&#8243; css=&#8221;.vc_custom_1696260097836{padding-top: 5% !important;padding-bottom: 5% !important;}&#8221;][vc_column_text css_animation=&#8221;fadeInLeft&#8221;] Mentions l\u00e9gales Certifi\u00e9 conforme par Dipeeo \u00ae [\/vc_column_text][\/vc_column][\/vc_row][vc_row css=&#8221;.vc_custom_1696324168859{margin-top: 0px !important;padding-top: 0px !important;background-color: #ffffff !important;border-radius: 35px !important;}&#8221;][vc_column css=&#8221;.vc_custom_1696324172416{margin-top: 0px !important;}&#8221;][vc_row_inner css=&#8221;.vc_custom_1696324221221{padding-top: 4% !important;}&#8221;][vc_column_inner offset=&#8221;vc_col-lg-offset-1 vc_col-lg-10 vc_col-md-offset-1 vc_col-md-10 vc_col-sm-offset-0 vc_col-xs-12&#8243;][vc_column_text] Informations l\u00e9gales &nbsp; 1. Pr\u00e9sentation du site. En vertu de l\u2019article 6&hellip;<\/p>\n","protected":false},"author":5,"featured_media":0,"parent":0,"menu_order":0,"comment_status":"closed","ping_status":"closed","template":"","meta":{"content-type":"","footnotes":""},"class_list":["post-1670","page","type-page","status-publish","hentry","description-off"],"yoast_head":"<!-- This site is optimized with the Yoast SEO plugin v26.6 - https:\/\/yoast.com\/wordpress\/plugins\/seo\/ -->\n<title>Mentions l\u00e9gales - FIXEE.AI<\/title>\n<meta name=\"robots\" content=\"index, follow, max-snippet:-1, max-image-preview:large, max-video-preview:-1\" \/>\n<link rel=\"canonical\" href=\"https:\/\/fixee.ai\/pl\/mentions-legales\/\" \/>\n<meta property=\"og:locale\" content=\"pl_PL\" \/>\n<meta property=\"og:type\" content=\"article\" \/>\n<meta property=\"og:title\" content=\"Mentions l\u00e9gales - FIXEE.AI\" \/>\n<meta property=\"og:description\" content=\"[vc_row equal_height=&#8221;yes&#8221; content_placement=&#8221;middle&#8221;][vc_column offset=&#8221;vc_col-lg-offset-1 vc_col-lg-10 vc_col-md-offset-1 vc_col-md-10 vc_col-xs-12&#8243; css=&#8221;.vc_custom_1696260097836{padding-top: 5% !important;padding-bottom: 5% !important;}&#8221;][vc_column_text css_animation=&#8221;fadeInLeft&#8221;] Mentions l\u00e9gales Certifi\u00e9 conforme par Dipeeo \u00ae [\/vc_column_text][\/vc_column][\/vc_row][vc_row css=&#8221;.vc_custom_1696324168859{margin-top: 0px !important;padding-top: 0px !important;background-color: #ffffff !important;border-radius: 35px !important;}&#8221;][vc_column css=&#8221;.vc_custom_1696324172416{margin-top: 0px !important;}&#8221;][vc_row_inner css=&#8221;.vc_custom_1696324221221{padding-top: 4% !important;}&#8221;][vc_column_inner offset=&#8221;vc_col-lg-offset-1 vc_col-lg-10 vc_col-md-offset-1 vc_col-md-10 vc_col-sm-offset-0 vc_col-xs-12&#8243;][vc_column_text] Informations l\u00e9gales &nbsp; 1. Pr\u00e9sentation du site. En vertu de l\u2019article 6&hellip;\" \/>\n<meta property=\"og:url\" content=\"https:\/\/fixee.ai\/pl\/mentions-legales\/\" \/>\n<meta property=\"og:site_name\" content=\"FIXEE.AI\" \/>\n<meta property=\"og:image\" content=\"https:\/\/fixee.ai\/wp-content\/uploads\/2023\/10\/fixee_white_bg.png\" \/>\n\t<meta property=\"og:image:width\" content=\"2048\" \/>\n\t<meta property=\"og:image:height\" content=\"2048\" \/>\n\t<meta property=\"og:image:type\" content=\"image\/png\" \/>\n<meta name=\"twitter:card\" content=\"summary_large_image\" \/>\n<meta name=\"twitter:label1\" content=\"Szacowany czas czytania\" \/>\n\t<meta name=\"twitter:data1\" content=\"6 minut\" \/>\n<script type=\"application\/ld+json\" class=\"yoast-schema-graph\">{\"@context\":\"https:\/\/schema.org\",\"@graph\":[{\"@type\":\"WebPage\",\"@id\":\"https:\/\/fixee.ai\/pl\/mentions-legales\/\",\"url\":\"https:\/\/fixee.ai\/pl\/mentions-legales\/\",\"name\":\"Mentions l\u00e9gales - FIXEE.AI\",\"isPartOf\":{\"@id\":\"https:\/\/fixee.ai\/pl\/#website\"},\"datePublished\":\"2024-09-06T10:09:59+00:00\",\"breadcrumb\":{\"@id\":\"https:\/\/fixee.ai\/pl\/mentions-legales\/#breadcrumb\"},\"inLanguage\":\"pl-PL\",\"potentialAction\":[{\"@type\":\"ReadAction\",\"target\":[\"https:\/\/fixee.ai\/pl\/mentions-legales\/\"]}]},{\"@type\":\"BreadcrumbList\",\"@id\":\"https:\/\/fixee.ai\/pl\/mentions-legales\/#breadcrumb\",\"itemListElement\":[{\"@type\":\"ListItem\",\"position\":1,\"name\":\"Strona g\u0142\u00f3wna\",\"item\":\"https:\/\/fixee.ai\/pl\/\"},{\"@type\":\"ListItem\",\"position\":2,\"name\":\"Mentions l\u00e9gales\"}]},{\"@type\":\"WebSite\",\"@id\":\"https:\/\/fixee.ai\/pl\/#website\",\"url\":\"https:\/\/fixee.ai\/pl\/\",\"name\":\"FIXEE.AI\",\"description\":\"Support Client Intelligent\",\"publisher\":{\"@id\":\"https:\/\/fixee.ai\/pl\/#organization\"},\"potentialAction\":[{\"@type\":\"SearchAction\",\"target\":{\"@type\":\"EntryPoint\",\"urlTemplate\":\"https:\/\/fixee.ai\/pl\/?s={search_term_string}\"},\"query-input\":{\"@type\":\"PropertyValueSpecification\",\"valueRequired\":true,\"valueName\":\"search_term_string\"}}],\"inLanguage\":\"pl-PL\"},{\"@type\":\"Organization\",\"@id\":\"https:\/\/fixee.ai\/pl\/#organization\",\"name\":\"FIXEE.AI\",\"url\":\"https:\/\/fixee.ai\/pl\/\",\"logo\":{\"@type\":\"ImageObject\",\"inLanguage\":\"pl-PL\",\"@id\":\"https:\/\/fixee.ai\/pl\/#\/schema\/logo\/image\/\",\"url\":\"https:\/\/fixee.ai\/wp-content\/uploads\/2023\/10\/fixee_white_bg.png\",\"contentUrl\":\"https:\/\/fixee.ai\/wp-content\/uploads\/2023\/10\/fixee_white_bg.png\",\"width\":2048,\"height\":2048,\"caption\":\"FIXEE.AI\"},\"image\":{\"@id\":\"https:\/\/fixee.ai\/pl\/#\/schema\/logo\/image\/\"}}]}<\/script>\n<!-- \/ Yoast SEO plugin. -->","yoast_head_json":{"title":"Mentions l\u00e9gales - FIXEE.AI","robots":{"index":"index","follow":"follow","max-snippet":"max-snippet:-1","max-image-preview":"max-image-preview:large","max-video-preview":"max-video-preview:-1"},"canonical":"https:\/\/fixee.ai\/pl\/mentions-legales\/","og_locale":"pl_PL","og_type":"article","og_title":"Mentions l\u00e9gales - FIXEE.AI","og_description":"[vc_row equal_height=&#8221;yes&#8221; content_placement=&#8221;middle&#8221;][vc_column offset=&#8221;vc_col-lg-offset-1 vc_col-lg-10 vc_col-md-offset-1 vc_col-md-10 vc_col-xs-12&#8243; css=&#8221;.vc_custom_1696260097836{padding-top: 5% !important;padding-bottom: 5% !important;}&#8221;][vc_column_text css_animation=&#8221;fadeInLeft&#8221;] Mentions l\u00e9gales Certifi\u00e9 conforme par Dipeeo \u00ae [\/vc_column_text][\/vc_column][\/vc_row][vc_row css=&#8221;.vc_custom_1696324168859{margin-top: 0px !important;padding-top: 0px !important;background-color: #ffffff !important;border-radius: 35px !important;}&#8221;][vc_column css=&#8221;.vc_custom_1696324172416{margin-top: 0px !important;}&#8221;][vc_row_inner css=&#8221;.vc_custom_1696324221221{padding-top: 4% !important;}&#8221;][vc_column_inner offset=&#8221;vc_col-lg-offset-1 vc_col-lg-10 vc_col-md-offset-1 vc_col-md-10 vc_col-sm-offset-0 vc_col-xs-12&#8243;][vc_column_text] Informations l\u00e9gales &nbsp; 1. Pr\u00e9sentation du site. En vertu de l\u2019article 6&hellip;","og_url":"https:\/\/fixee.ai\/pl\/mentions-legales\/","og_site_name":"FIXEE.AI","og_image":[{"width":2048,"height":2048,"url":"https:\/\/fixee.ai\/wp-content\/uploads\/2023\/10\/fixee_white_bg.png","type":"image\/png"}],"twitter_card":"summary_large_image","twitter_misc":{"Szacowany czas czytania":"6 minut"},"schema":{"@context":"https:\/\/schema.org","@graph":[{"@type":"WebPage","@id":"https:\/\/fixee.ai\/pl\/mentions-legales\/","url":"https:\/\/fixee.ai\/pl\/mentions-legales\/","name":"Mentions l\u00e9gales - FIXEE.AI","isPartOf":{"@id":"https:\/\/fixee.ai\/pl\/#website"},"datePublished":"2024-09-06T10:09:59+00:00","breadcrumb":{"@id":"https:\/\/fixee.ai\/pl\/mentions-legales\/#breadcrumb"},"inLanguage":"pl-PL","potentialAction":[{"@type":"ReadAction","target":["https:\/\/fixee.ai\/pl\/mentions-legales\/"]}]},{"@type":"BreadcrumbList","@id":"https:\/\/fixee.ai\/pl\/mentions-legales\/#breadcrumb","itemListElement":[{"@type":"ListItem","position":1,"name":"Strona g\u0142\u00f3wna","item":"https:\/\/fixee.ai\/pl\/"},{"@type":"ListItem","position":2,"name":"Mentions l\u00e9gales"}]},{"@type":"WebSite","@id":"https:\/\/fixee.ai\/pl\/#website","url":"https:\/\/fixee.ai\/pl\/","name":"FIXEE.AI","description":"Support Client Intelligent","publisher":{"@id":"https:\/\/fixee.ai\/pl\/#organization"},"potentialAction":[{"@type":"SearchAction","target":{"@type":"EntryPoint","urlTemplate":"https:\/\/fixee.ai\/pl\/?s={search_term_string}"},"query-input":{"@type":"PropertyValueSpecification","valueRequired":true,"valueName":"search_term_string"}}],"inLanguage":"pl-PL"},{"@type":"Organization","@id":"https:\/\/fixee.ai\/pl\/#organization","name":"FIXEE.AI","url":"https:\/\/fixee.ai\/pl\/","logo":{"@type":"ImageObject","inLanguage":"pl-PL","@id":"https:\/\/fixee.ai\/pl\/#\/schema\/logo\/image\/","url":"https:\/\/fixee.ai\/wp-content\/uploads\/2023\/10\/fixee_white_bg.png","contentUrl":"https:\/\/fixee.ai\/wp-content\/uploads\/2023\/10\/fixee_white_bg.png","width":2048,"height":2048,"caption":"FIXEE.AI"},"image":{"@id":"https:\/\/fixee.ai\/pl\/#\/schema\/logo\/image\/"}}]}},"jetpack_sharing_enabled":true,"_links":{"self":[{"href":"https:\/\/fixee.ai\/pl\/wp-json\/wp\/v2\/pages\/1670","targetHints":{"allow":["GET"]}}],"collection":[{"href":"https:\/\/fixee.ai\/pl\/wp-json\/wp\/v2\/pages"}],"about":[{"href":"https:\/\/fixee.ai\/pl\/wp-json\/wp\/v2\/types\/page"}],"author":[{"embeddable":true,"href":"https:\/\/fixee.ai\/pl\/wp-json\/wp\/v2\/users\/5"}],"replies":[{"embeddable":true,"href":"https:\/\/fixee.ai\/pl\/wp-json\/wp\/v2\/comments?post=1670"}],"version-history":[{"count":1,"href":"https:\/\/fixee.ai\/pl\/wp-json\/wp\/v2\/pages\/1670\/revisions"}],"predecessor-version":[{"id":1674,"href":"https:\/\/fixee.ai\/pl\/wp-json\/wp\/v2\/pages\/1670\/revisions\/1674"}],"wp:attachment":[{"href":"https:\/\/fixee.ai\/pl\/wp-json\/wp\/v2\/media?parent=1670"}],"curies":[{"name":"wp","href":"https:\/\/api.w.org\/{rel}","templated":true}]}}